{"id":67,"date":"2022-01-18T16:33:12","date_gmt":"2022-01-18T16:33:12","guid":{"rendered":"https:\/\/aluenostot.fi\/?page_id=67"},"modified":"2022-05-28T07:02:57","modified_gmt":"2022-05-28T07:02:57","slug":"koti","status":"publish","type":"page","link":"https:\/\/aluenostot.fi\/","title":{"rendered":"LUOTETTAVIA NOSTURIPALVELUITA ETEL\u00c4-SUOMEN ALUEELLA"},"content":{"rendered":"\n<div class=\"wp-block-columns is-layout-flex wp-container-core-columns-is-layout-2 wp-block-columns-is-layout-flex\">\n<div class=\"wp-block-column is-layout-flow wp-block-column-is-layout-flow\" style=\"flex-basis:100%\">\n<div class=\"wp-block-columns is-layout-flex wp-container-core-columns-is-layout-1 wp-block-columns-is-layout-flex\">\n<div class=\"wp-block-column is-layout-flow wp-block-column-is-layout-flow\" style=\"flex-basis:100%\">\n<div class=\"wp-block-group\"><div class=\"wp-block-group__inner-container is-layout-flow wp-block-group-is-layout-flow\">\n<figure class=\"wp-block-gallery aligncenter has-nested-images columns-default is-cropped wp-block-gallery-1 is-layout-flex wp-block-gallery-is-layout-flex\">\n<figure class=\"wp-block-image size-large\"><img loading=\"lazy\" decoding=\"async\" width=\"768\" height=\"1024\" src=\"https:\/\/aluenostot.fi\/wp-content\/uploads\/2022\/01\/IMG20220103102056-768x1024.jpg\" alt=\"\" class=\"wp-image-42\" srcset=\"https:\/\/aluenostot.fi\/wp-content\/uploads\/2022\/01\/IMG20220103102056-768x1024.jpg 768w, https:\/\/aluenostot.fi\/wp-content\/uploads\/2022\/01\/IMG20220103102056-225x300.jpg 225w, https:\/\/aluenostot.fi\/wp-content\/uploads\/2022\/01\/IMG20220103102056-1152x1536.jpg 1152w, https:\/\/aluenostot.fi\/wp-content\/uploads\/2022\/01\/IMG20220103102056-1536x2048.jpg 1536w, https:\/\/aluenostot.fi\/wp-content\/uploads\/2022\/01\/IMG20220103102056-1568x2091.jpg 1568w, https:\/\/aluenostot.fi\/wp-content\/uploads\/2022\/01\/IMG20220103102056-scaled.jpg 1920w\" sizes=\"auto, (max-width: 768px) 100vw, 768px\" \/><\/figure>\n\n\n\n<figure class=\"wp-block-image size-large\"><img loading=\"lazy\" decoding=\"async\" width=\"768\" height=\"1024\" src=\"https:\/\/aluenostot.fi\/wp-content\/uploads\/2022\/01\/IMG_20191025_103407-768x1024.jpg\" alt=\"\" class=\"wp-image-34\" srcset=\"https:\/\/aluenostot.fi\/wp-content\/uploads\/2022\/01\/IMG_20191025_103407-768x1024.jpg 768w, https:\/\/aluenostot.fi\/wp-content\/uploads\/2022\/01\/IMG_20191025_103407-225x300.jpg 225w, https:\/\/aluenostot.fi\/wp-content\/uploads\/2022\/01\/IMG_20191025_103407-1152x1536.jpg 1152w, https:\/\/aluenostot.fi\/wp-content\/uploads\/2022\/01\/IMG_20191025_103407-1536x2048.jpg 1536w, https:\/\/aluenostot.fi\/wp-content\/uploads\/2022\/01\/IMG_20191025_103407-1568x2091.jpg 1568w, https:\/\/aluenostot.fi\/wp-content\/uploads\/2022\/01\/IMG_20191025_103407-scaled.jpg 1920w\" sizes=\"auto, (max-width: 768px) 100vw, 768px\" \/><\/figure>\n\n\n\n<figure class=\"wp-block-image size-large\"><img loading=\"lazy\" decoding=\"async\" width=\"1024\" height=\"759\" src=\"https:\/\/aluenostot.fi\/wp-content\/uploads\/2022\/01\/IMG_20211019_124834-1024x759.jpg\" alt=\"\" class=\"wp-image-31\" srcset=\"https:\/\/aluenostot.fi\/wp-content\/uploads\/2022\/01\/IMG_20211019_124834-1024x759.jpg 1024w, https:\/\/aluenostot.fi\/wp-content\/uploads\/2022\/01\/IMG_20211019_124834-300x222.jpg 300w, https:\/\/aluenostot.fi\/wp-content\/uploads\/2022\/01\/IMG_20211019_124834-768x569.jpg 768w, https:\/\/aluenostot.fi\/wp-content\/uploads\/2022\/01\/IMG_20211019_124834-1536x1139.jpg 1536w, https:\/\/aluenostot.fi\/wp-content\/uploads\/2022\/01\/IMG_20211019_124834-2048x1518.jpg 2048w, https:\/\/aluenostot.fi\/wp-content\/uploads\/2022\/01\/IMG_20211019_124834-1568x1163.jpg 1568w\" sizes=\"auto, (max-width: 1024px) 100vw, 1024px\" \/><\/figure>\n<\/figure>\n<\/div><\/div>\n<\/div>\n<\/div>\n<\/div>\n<\/div>\n\n\n\n<p>Nosturiyritt\u00e4j\u00e4 ja insin\u00f6\u00f6ri Raimo Ristolainen on pitk\u00e4n linjan nosturiyritt\u00e4j\u00e4. Yritys on toiminut vuodesta 1990. Raimo Ristolainen Oy:n liiketoiminnan sek\u00e4 henkil\u00f6kunnan kasvaessa p\u00e4\u00e4timme my\u00f6s uudistaa nimemme. Uusi nimemme on&nbsp;<strong>Aluenostot R. Ristolainen<\/strong>.<\/p>\n\n\n\n<p>Aluenostot tarjoaa luotettavaa ajoneuvonosturipalvelua Vantaalla ja koko Etel\u00e4-Suomen alueella. Uusi hallimme sijaitse hyvien kulkuyhteyksien varrella Tuusulan Ristikiven alueella. Kokemusta on monenlaisista projekteista jopa Saksasta asti.<\/p>\n\n\n\n<p>Tarjoamme k\u00e4ytt\u00f6\u00f6nne laadukkaan kaluston, vankan ammattitaidon sek\u00e4 kokeneen kuljettajan. Tarvittaessa on mahdollista saada kauttamme my\u00f6s asennuspalvelua. Ty\u00f6t ja nostosuunnitelmat tehd\u00e4\u00e4n kohdekohtaisesti ammattitaidolla.<\/p>\n\n\n\n<p>Luotettavaa ja ammattitaitoista nostopalvelua nopeallakin aikataululla niin helppoihin kuin vaativiinkin nostohommiin.<\/p>\n\n\n\n<ul class=\"wp-block-list\"><li>Talopaketit sek\u00e4 tarvittaessa asennuspalvelu<\/li><li>Teollisuusrakentaminen<\/li><li>Puuelementtirakentaminen<\/li><li>Erikoisnostot<\/li><li>Kalustonostot<\/li><li>Ahtaiden paikkojen nosto<\/li><\/ul>\n\n\n\n<p>Teemme mielell\u00e4mme Teille r\u00e4\u00e4t\u00e4l\u00f6idyn kohdekohtaisen kokonaisedullisen tarjouksen nostoty\u00f6st\u00e4 sek\u00e4 tarvittaessa asennusavusta.<\/p>\n\n\n\n<p><\/p>\n","protected":false},"excerpt":{"rendered":"<p>Nosturiyritt\u00e4j\u00e4 ja insin\u00f6\u00f6ri Raimo Ristolainen on pitk\u00e4n linjan nosturiyritt\u00e4j\u00e4. Yritys on toiminut vuodesta 1990. Raimo Ristolainen Oy:n liiketoiminnan sek\u00e4 henkil\u00f6kunnan kasvaessa p\u00e4\u00e4timme my\u00f6s uudistaa nimemme. Uusi nimemme on&nbsp;Aluenostot R. Ristolainen. Aluenostot tarjoaa luotettavaa ajoneuvonosturipalvelua Vantaalla ja koko Etel\u00e4-Suomen alueella. Uusi hallimme sijaitse hyvien kulkuyhteyksien varrella Tuusulan Ristikiven alueella. Kokemusta on monenlaisista projekteista jopa Saksasta asti. &hellip; <\/p>\n<p class=\"link-more\"><a href=\"https:\/\/aluenostot.fi\/\" class=\"more-link\">Continue reading<span class=\"screen-reader-text\"> &#8220;LUOTETTAVIA NOSTURIPALVELUITA ETEL\u00c4-SUOMEN ALUEELLA&#8221;<\/span><\/a><\/p>\n","protected":false},"author":1,"featured_media":0,"parent":0,"menu_order":0,"comment_status":"closed","ping_status":"closed","template":"","meta":{"footnotes":""},"class_list":["post-67","page","type-page","status-publish","hentry","entry"],"_links":{"self":[{"href":"https:\/\/aluenostot.fi\/index.php?rest_route=\/wp\/v2\/pages\/67","targetHints":{"allow":["GET"]}}],"collection":[{"href":"https:\/\/aluenostot.fi\/index.php?rest_route=\/wp\/v2\/pages"}],"about":[{"href":"https:\/\/aluenostot.fi\/index.php?rest_route=\/wp\/v2\/types\/page"}],"author":[{"embeddable":true,"href":"https:\/\/aluenostot.fi\/index.php?rest_route=\/wp\/v2\/users\/1"}],"replies":[{"embeddable":true,"href":"https:\/\/aluenostot.fi\/index.php?rest_route=%2Fwp%2Fv2%2Fcomments&post=67"}],"version-history":[{"count":6,"href":"https:\/\/aluenostot.fi\/index.php?rest_route=\/wp\/v2\/pages\/67\/revisions"}],"predecessor-version":[{"id":93,"href":"https:\/\/aluenostot.fi\/index.php?rest_route=\/wp\/v2\/pages\/67\/revisions\/93"}],"wp:attachment":[{"href":"https:\/\/aluenostot.fi\/index.php?rest_route=%2Fwp%2Fv2%2Fmedia&parent=67"}],"curies":[{"name":"wp","href":"https:\/\/api.w.org\/{rel}","templated":true}]}}